{"id":10,"date":"2025-04-17T18:53:40","date_gmt":"2025-04-17T21:53:40","guid":{"rendered":"https:\/\/dr-bea.ceaza.cl\/?page_id=10"},"modified":"2025-07-21T18:34:42","modified_gmt":"2025-07-21T21:34:42","slug":"directorio","status":"publish","type":"page","link":"https:\/\/www.dr-bea.cl\/index.php\/directorio\/","title":{"rendered":"DIRECTORIO"},"content":{"rendered":"\n<div class=\"wp-block-media-text is-stacked-on-mobile\" style=\"grid-template-columns:15% auto\"><figure class=\"wp-block-media-text__media\"><img loading=\"lazy\" decoding=\"async\" width=\"100\" height=\"110\" src=\"https:\/\/dr-bea.ceaza.cl\/wp-content\/uploads\/2025\/04\/p_munoz2024.png\" alt=\"\" class=\"wp-image-340 size-full\"\/><\/figure><div class=\"wp-block-media-text__content\">\n<p><strong>Dra. Pr\u00e1xedes Mu\u00f1oz Parra<\/strong><br>Universidad Cat\u00f3lica del Norte (UCN)<br>Directora<\/p>\n<\/div><\/div>\n\n\n\n<hr class=\"wp-block-separator has-alpha-channel-opacity is-style-dots\"\/>\n\n\n\n<div class=\"wp-block-media-text is-stacked-on-mobile\" style=\"grid-template-columns:15% auto\"><figure class=\"wp-block-media-text__media\"><img loading=\"lazy\" decoding=\"async\" width=\"100\" height=\"110\" src=\"https:\/\/dr-bea.ceaza.cl\/wp-content\/uploads\/2025\/06\/f_squeo_2025.jpg\" alt=\"\" class=\"wp-image-569 size-full\"\/><\/figure><div class=\"wp-block-media-text__content\">\n<p><strong>Dr. Francisco A. Squeo<\/strong><br>Universidad de La Serena (ULS)<br>SubDirector<\/p>\n<\/div><\/div>\n\n\n\n<hr class=\"wp-block-separator has-alpha-channel-opacity is-style-dots\"\/>\n\n\n\n<div class=\"wp-block-media-text is-stacked-on-mobile\" style=\"grid-template-columns:15% auto\"><figure class=\"wp-block-media-text__media\"><img loading=\"lazy\" decoding=\"async\" width=\"100\" height=\"110\" src=\"https:\/\/dr-bea.ceaza.cl\/wp-content\/uploads\/2025\/04\/a_bertin_2021.jpg\" alt=\"\" class=\"wp-image-342 size-full\"\/><\/figure><div class=\"wp-block-media-text__content\">\n<p><strong>Dra. Angeline Bertin<\/strong><br>Universidad de La Serena (ULS)<br>Comit\u00e9 Acad\u00e9mico<\/p>\n<\/div><\/div>\n\n\n\n<hr class=\"wp-block-separator has-alpha-channel-opacity is-style-dots\"\/>\n\n\n\n<div class=\"wp-block-media-text is-stacked-on-mobile\" style=\"grid-template-columns:15% auto\"><figure class=\"wp-block-media-text__media\"><img loading=\"lazy\" decoding=\"async\" width=\"100\" height=\"110\" src=\"https:\/\/dr-bea.ceaza.cl\/wp-content\/uploads\/2025\/04\/carlos_gaymer.jpg\" alt=\"\" class=\"wp-image-343 size-full\"\/><\/figure><div class=\"wp-block-media-text__content\">\n<p><strong>Dr. Carlos Gaymer<\/strong><br>Universidad Cat\u00f3lica del Norte (UCN)<br>Comit\u00e9 Acad\u00e9mico<\/p>\n<\/div><\/div>\n\n\n\n<hr class=\"wp-block-separator has-alpha-channel-opacity is-style-dots\"\/>\n\n\n\n<div class=\"wp-block-media-text is-stacked-on-mobile\" style=\"grid-template-columns:15% auto\"><figure class=\"wp-block-media-text__media\"><img loading=\"lazy\" decoding=\"async\" width=\"100\" height=\"110\" src=\"https:\/\/dr-bea.ceaza.cl\/wp-content\/uploads\/2025\/04\/carlos_olavarria.jpg\" alt=\"\" class=\"wp-image-344 size-full\"\/><\/figure><div class=\"wp-block-media-text__content\">\n<p><strong>Dr. Carlos Olavarr\u00eda<\/strong><br>Centro de Estudios Avanzados en Zona \u00c1ridas (CEAZA)<br>Comit\u00e9 Acad\u00e9mico<\/p>\n<\/div><\/div>\n\n\n\n<hr class=\"wp-block-separator has-alpha-channel-opacity is-style-dots\"\/>\n\n\n\n<div class=\"wp-block-media-text is-stacked-on-mobile\" style=\"grid-template-columns:15% auto\"><figure class=\"wp-block-media-text__media\"><img loading=\"lazy\" decoding=\"async\" width=\"100\" height=\"110\" src=\"https:\/\/dr-bea.ceaza.cl\/wp-content\/uploads\/2025\/04\/n_verdugo2023.jpg\" alt=\"\" class=\"wp-image-337 size-full\"\/><\/figure><div class=\"wp-block-media-text__content\">\n<p><strong>Dr. Nicol\u00e1s Verdugo V\u00e1squez<\/strong><br>Instituto de Investigaciones Agropecuarias (INIA Intihuasi)<br>Comit\u00e9 Acad\u00e9mico<\/p>\n<\/div><\/div>\n\n\n\n<p><\/p>\n","protected":false},"excerpt":{"rendered":"<p>Dra. Pr\u00e1xedes Mu\u00f1oz ParraUniversidad Cat\u00f3lica del Norte (UCN)Directora Dr. Francisco A. SqueoUniversidad de La Serena (ULS)SubDirector Dra. Angeline BertinUniversidad de La Serena (ULS)Comit\u00e9 Acad\u00e9mico Dr. Carlos GaymerUniversidad Cat\u00f3lica del Norte (UCN)Comit\u00e9 Acad\u00e9mico Dr. Carlos Olavarr\u00edaCentro de Estudios Avanzados en Zona \u00c1ridas (CEAZA)Comit\u00e9 Acad\u00e9mico Dr. Nicol\u00e1s Verdugo V\u00e1squezInstituto de Investigaciones Agropecuarias (INIA Intihuasi)Comit\u00e9 Acad\u00e9mico<\/p>\n","protected":false},"author":1,"featured_media":0,"parent":0,"menu_order":0,"comment_status":"closed","ping_status":"closed","template":"","meta":{"footnotes":""},"class_list":["post-10","page","type-page","status-publish","hentry","post"],"_links":{"self":[{"href":"https:\/\/www.dr-bea.cl\/index.php\/wp-json\/wp\/v2\/pages\/10","targetHints":{"allow":["GET"]}}],"collection":[{"href":"https:\/\/www.dr-bea.cl\/index.php\/wp-json\/wp\/v2\/pages"}],"about":[{"href":"https:\/\/www.dr-bea.cl\/index.php\/wp-json\/wp\/v2\/types\/page"}],"author":[{"embeddable":true,"href":"https:\/\/www.dr-bea.cl\/index.php\/wp-json\/wp\/v2\/users\/1"}],"replies":[{"embeddable":true,"href":"https:\/\/www.dr-bea.cl\/index.php\/wp-json\/wp\/v2\/comments?post=10"}],"version-history":[{"count":8,"href":"https:\/\/www.dr-bea.cl\/index.php\/wp-json\/wp\/v2\/pages\/10\/revisions"}],"predecessor-version":[{"id":652,"href":"https:\/\/www.dr-bea.cl\/index.php\/wp-json\/wp\/v2\/pages\/10\/revisions\/652"}],"wp:attachment":[{"href":"https:\/\/www.dr-bea.cl\/index.php\/wp-json\/wp\/v2\/media?parent=10"}],"curies":[{"name":"wp","href":"https:\/\/api.w.org\/{rel}","templated":true}]}}