{"id":12,"date":"2025-04-17T18:53:40","date_gmt":"2025-04-17T21:53:40","guid":{"rendered":"https:\/\/dr-bea.ceaza.cl\/?page_id=12"},"modified":"2026-03-31T12:56:03","modified_gmt":"2026-03-31T15:56:03","slug":"alumnos","status":"publish","type":"page","link":"https:\/\/www.dr-bea.cl\/index.php\/alumnos\/","title":{"rendered":"ALUMNOS"},"content":{"rendered":"\n<p class=\"has-brown-color has-tan-background-color has-text-color has-background has-link-color has-regular-font-size wp-elements-69884c1d1e60a12bb8c2a5d6a0574869\"><strong>Ingreso a\u00f1o 2025<\/strong><\/p>\n\n\n\n<div class=\"wp-block-media-text alignwide is-stacked-on-mobile\" style=\"grid-template-columns:15% auto\"><figure class=\"wp-block-media-text__media\"><img loading=\"lazy\" decoding=\"async\" width=\"100\" height=\"110\" src=\"https:\/\/dr-bea.ceaza.cl\/wp-content\/uploads\/2025\/10\/f_gonzalez.jpg\" alt=\"\" class=\"wp-image-684 size-full\"\/><\/figure><div class=\"wp-block-media-text__content\">\n<p><strong>Fernando Gonz\u00e1lez Roca<\/strong><\/p>\n\n\n\n<p class=\"has-small-font-size\">Profesor Gu\u00eda: \u00c1ngel P\u00e9rez Ruzafa (U. de Murcia, Espa\u00f1a)<br>Comit\u00e9 Tutorial: Julio V\u00e1squez Castro (UCN), Jaime Aburto Frias (UCN)<br>Profesor Externo: Stefan Gelcich (PUC)<\/p>\n<\/div><\/div>\n\n\n\n<div class=\"wp-block-media-text alignwide is-stacked-on-mobile\" style=\"grid-template-columns:15% auto\"><figure class=\"wp-block-media-text__media\"><img loading=\"lazy\" decoding=\"async\" width=\"100\" height=\"110\" src=\"https:\/\/dr-bea.ceaza.cl\/wp-content\/uploads\/2025\/04\/b_cantarero.jpg\" alt=\"\" class=\"wp-image-527 size-full\"\/><\/figure><div class=\"wp-block-media-text__content\">\n<p><strong>Barbara Cantarero Figueroa<\/strong><\/p>\n\n\n\n<p class=\"has-small-font-size\">Profesor Gu\u00eda: Gonzalo \u00c1lvarez (UCN)<br>Comit\u00e9 Tutorial: por definir<\/p>\n<\/div><\/div>\n\n\n\n<div class=\"wp-block-media-text alignwide is-stacked-on-mobile\" style=\"grid-template-columns:15% auto\"><figure class=\"wp-block-media-text__media\"><img loading=\"lazy\" decoding=\"async\" width=\"100\" height=\"110\" src=\"https:\/\/dr-bea.ceaza.cl\/wp-content\/uploads\/2025\/05\/a_cardenas.jpg\" alt=\"\" class=\"wp-image-555 size-full\"\/><\/figure><div class=\"wp-block-media-text__content\">\n<p><strong>Alejandro J. C\u00e1rdenas Pizarro<\/strong><\/p>\n\n\n\n<p class=\"has-small-font-size\">Profesora Gu\u00eda: Ang\u00e9line Bertin (ULS)<br>Comit\u00e9 Tutorial: por definir<\/p>\n<\/div><\/div>\n\n\n\n<div class=\"wp-block-media-text alignwide is-stacked-on-mobile\" style=\"grid-template-columns:15% auto\"><figure class=\"wp-block-media-text__media\"><img loading=\"lazy\" decoding=\"async\" width=\"100\" height=\"110\" src=\"https:\/\/dr-bea.ceaza.cl\/wp-content\/uploads\/2025\/04\/y_nilo.jpg\" alt=\"\" class=\"wp-image-528 size-full\"\/><\/figure><div class=\"wp-block-media-text__content\">\n<p><strong>Yenny Nilo Bust\u00edos<\/strong><\/p>\n\n\n\n<p class=\"has-small-font-size\">Profesor Gu\u00eda: Giuliano Bernal (UCN)<br>Comit\u00e9 Tutorial: por definir<\/p>\n<\/div><\/div>\n\n\n\n<div class=\"wp-block-media-text alignwide is-stacked-on-mobile\" style=\"grid-template-columns:15% auto\"><figure class=\"wp-block-media-text__media\"><img loading=\"lazy\" decoding=\"async\" width=\"100\" height=\"110\" src=\"https:\/\/dr-bea.ceaza.cl\/wp-content\/uploads\/2025\/06\/c_rojas.jpg\" alt=\"\" class=\"wp-image-567 size-full\"\/><\/figure><div class=\"wp-block-media-text__content\">\n<p><strong>Constanza Rojas Cerda<\/strong><\/p>\n\n\n\n<p class=\"has-small-font-size\">Profesor Gu\u00eda: Marcel Ramos (UCN)<br>Comit\u00e9 Tutorial: por definir<\/p>\n<\/div><\/div>\n\n\n\n<p class=\"has-brown-color has-tan-background-color has-text-color has-background has-link-color has-regular-font-size wp-elements-e2cd680b19cee9533f3ccf93d73fbfd9\"><strong>Ingreso a\u00f1o 2024<\/strong><\/p>\n\n\n\n<div class=\"wp-block-media-text alignwide is-stacked-on-mobile\" style=\"grid-template-columns:15% auto\"><figure class=\"wp-block-media-text__media\"><img loading=\"lazy\" decoding=\"async\" width=\"100\" height=\"110\" src=\"https:\/\/dr-bea.ceaza.cl\/wp-content\/uploads\/2025\/04\/d_ocampo.jpg\" alt=\"\" class=\"wp-image-150 size-full\"\/><\/figure><div class=\"wp-block-media-text__content\">\n<p><strong>Diego Ocampo Melgar<\/strong><\/p>\n\n\n\n<p class=\"has-small-font-size\">Profesores Gu\u00eda: Francisco Squeo (ULS) y \u00c1lvaro Salazar (ULS)<br>Comit\u00e9 Tutorial: por definir<\/p>\n<\/div><\/div>\n\n\n\n<div class=\"wp-block-media-text alignwide is-stacked-on-mobile\" style=\"grid-template-columns:15% auto\"><figure class=\"wp-block-media-text__media\"><img loading=\"lazy\" decoding=\"async\" width=\"100\" height=\"110\" src=\"https:\/\/dr-bea.ceaza.cl\/wp-content\/uploads\/2025\/04\/k_alaron_.jpg\" alt=\"\" class=\"wp-image-153 size-full\"\/><\/figure><div class=\"wp-block-media-text__content\">\n<p><strong>Karen Lau Alar\u00f3n<\/strong><\/p>\n\n\n\n<p class=\"has-small-font-size\">Profesora Gu\u00eda: Guillermo Luna (UCN)<br>Comit\u00e9 Tutorial: por definir<\/p>\n<\/div><\/div>\n\n\n\n<p class=\"has-black-color has-tan-background-color has-text-color has-background has-link-color has-regular-font-size wp-elements-474ace0a8b7995a6d40380a975954500\"><strong>Ingreso a\u00f1o 2023<\/strong><\/p>\n\n\n\n<div class=\"wp-block-media-text alignwide is-stacked-on-mobile\" style=\"grid-template-columns:15% auto\"><figure class=\"wp-block-media-text__media\"><img loading=\"lazy\" decoding=\"async\" width=\"100\" height=\"110\" src=\"https:\/\/dr-bea.ceaza.cl\/wp-content\/uploads\/2025\/04\/f_alfaro.jpg\" alt=\"\" class=\"wp-image-141 size-full\"\/><\/figure><div class=\"wp-block-media-text__content\">\n<p><strong>Dr(c) Ferm\u00edn Alfaro Kong<\/strong><\/p>\n\n\n\n<p class=\"has-small-font-size\">Profesores Gu\u00eda: Rodrigo R\u00edos (ULS) y Andrea Loayza (IEB)<br>Comit\u00e9 Tutorial: Ang\u00e9line Bertin (ULS), Marcelo Rivadeneira (UCN)<br>Profesor Externo: Paulo R. Guimar\u00e3es (Univ. de S\u00e3o Paulo, Brasil)<\/p>\n<\/div><\/div>\n\n\n\n<div class=\"wp-block-media-text alignwide is-stacked-on-mobile\" style=\"grid-template-columns:15% auto\"><figure class=\"wp-block-media-text__media\"><img loading=\"lazy\" decoding=\"async\" width=\"100\" height=\"110\" src=\"https:\/\/dr-bea.ceaza.cl\/wp-content\/uploads\/2025\/04\/c_arratia.jpg\" alt=\"\" class=\"wp-image-145 size-full\"\/><\/figure><div class=\"wp-block-media-text__content\">\n<p><strong>Dra(c) Carla Arratia Herrera<\/strong><\/p>\n\n\n\n<p class=\"has-small-font-size\">Profesora Gu\u00eda: Pilar Haye (UCN) y Fadia Tala (UCN)<br>Comit\u00e9 Tutorial: por definir<\/p>\n<\/div><\/div>\n\n\n\n<div class=\"wp-block-media-text alignwide is-stacked-on-mobile\" style=\"grid-template-columns:15% auto\"><figure class=\"wp-block-media-text__media\"><img loading=\"lazy\" decoding=\"async\" width=\"100\" height=\"110\" src=\"https:\/\/dr-bea.ceaza.cl\/wp-content\/uploads\/2025\/04\/h_basaure.jpg\" alt=\"\" class=\"wp-image-143 size-full\"\/><\/figure><div class=\"wp-block-media-text__content\">\n<p><strong>Dr(c) H\u00e9ctor Basaure Mar\u00edn<\/strong>&nbsp;<\/p>\n\n\n\n<p class=\"has-text-align-left has-small-font-size\">Profesora Gu\u00eda: Fadia Tala Gonz\u00e1lez, (UCN)<br>Comit\u00e9 Tutorial: Pr\u00e1xedes Mu\u00f1oz, Danny Carvajal, (ULS)&nbsp;<br>Profesores Externos: Fungyi Chow (Univ. de S\u00e3o Paulo, Brasil), Cristian Bulboa (UAB)<\/p>\n<\/div><\/div>\n\n\n\n<div class=\"wp-block-media-text alignwide is-stacked-on-mobile\" style=\"grid-template-columns:15% auto\"><figure class=\"wp-block-media-text__media\"><img loading=\"lazy\" decoding=\"async\" width=\"100\" height=\"110\" src=\"https:\/\/dr-bea.ceaza.cl\/wp-content\/uploads\/2025\/04\/c_cortes.jpg\" alt=\"\" class=\"wp-image-144 size-full\"\/><\/figure><div class=\"wp-block-media-text__content\">\n<p><strong>Dr(c) Claudio Cort\u00e9s V\u00e1squez<\/strong>&nbsp;<\/p>\n\n\n\n<p class=\"has-small-font-size\">Profesora Gu\u00eda: Alexandra Stoll (CEAZA-ULS)<br>Comit\u00e9 Tutorial: por definir<\/p>\n<\/div><\/div>\n\n\n\n<div class=\"wp-block-media-text alignwide is-stacked-on-mobile\" style=\"grid-template-columns:15% auto\"><figure class=\"wp-block-media-text__media\"><img loading=\"lazy\" decoding=\"async\" width=\"100\" height=\"110\" src=\"https:\/\/dr-bea.ceaza.cl\/wp-content\/uploads\/2025\/04\/c_gonzalez.jpg\" alt=\"\" class=\"wp-image-142 size-full\"\/><\/figure><div class=\"wp-block-media-text__content\">\n<p><strong>Dra(c) Charel Gonz\u00e1lez Salinas<\/strong><\/p>\n\n\n\n<p class=\"has-small-font-size\">Profesores Gu\u00eda: Pilar Haye (UCN) y Stefan Gelcich (PUC)<br>Comit\u00e9 Tutorial: Jaime Aburto, (UCN), Julio V\u00e1squez, (UCN)<br>Profesor Externo: Michele Barnes (Univ. of Sidney, Australia)<\/p>\n<\/div><\/div>\n\n\n\n<div class=\"wp-block-media-text alignwide is-stacked-on-mobile\" style=\"grid-template-columns:15% auto\"><figure class=\"wp-block-media-text__media\"><img loading=\"lazy\" decoding=\"async\" width=\"100\" height=\"110\" src=\"https:\/\/dr-bea.ceaza.cl\/wp-content\/uploads\/2025\/04\/l_meneses.jpg\" alt=\"\" class=\"wp-image-139 size-full\"\/><\/figure><div class=\"wp-block-media-text__content\">\n<p><strong>Dra(c) Lidia Meneses Lizarazu<\/strong><\/p>\n\n\n\n<p class=\"has-small-font-size\">Profesor Gu\u00eda: Francisco Squeo (ULS)<br>Comit\u00e9 Tutorial: Carlos Gaymer (UCN), Ang\u00e9line Bertin (ULS)<br>Profesores Externos: Olga Barbosa (UACH), Ricardo Rozzi (UMag &#8211; NTU, USA)<\/p>\n<\/div><\/div>\n\n\n\n<div class=\"wp-block-media-text alignwide is-stacked-on-mobile\" style=\"grid-template-columns:15% auto\"><figure class=\"wp-block-media-text__media\"><img loading=\"lazy\" decoding=\"async\" width=\"100\" height=\"110\" src=\"https:\/\/dr-bea.ceaza.cl\/wp-content\/uploads\/2025\/04\/j_silva.jpg\" alt=\"\" class=\"wp-image-140 size-full\"\/><\/figure><div class=\"wp-block-media-text__content\">\n<p><strong>Dr(c)&nbsp; Javier Silva<\/strong><\/p>\n\n\n\n<p class=\"has-small-font-size\">Profesores Gu\u00eda: Francisco Squeo (ULS) y Danny Carvajal (ULS)<br>Comit\u00e9 Tutorial: Ang\u00e9line Bertin (ULS), Marco I. Garrido Salinas (ULS)<br>Profesor Externo: Roc\u00edo B. Urrutia Jalabert (UFRO)<\/p>\n<\/div><\/div>\n\n\n\n<p class=\"has-black-color has-tan-background-color has-text-color has-background has-link-color has-regular-font-size wp-elements-61a6024529ee5c20e07b56bdaa956372\"><strong>Ingreso a\u00f1o 2022<\/strong><\/p>\n\n\n\n<div class=\"wp-block-media-text alignwide is-stacked-on-mobile\" style=\"grid-template-columns:15% auto\"><figure class=\"wp-block-media-text__media\"><img loading=\"lazy\" decoding=\"async\" width=\"100\" height=\"110\" src=\"https:\/\/dr-bea.ceaza.cl\/wp-content\/uploads\/2025\/04\/v_hormazabal.jpg\" alt=\"\" class=\"wp-image-159 size-full\"\/><\/figure><div class=\"wp-block-media-text__content\">\n<p><strong>Dra(c) Valentina Hevia Hormaz\u00e1bal<\/strong><\/p>\n\n\n\n<p class=\"has-small-font-size\">Profesores Gu\u00eda: Pr\u00e1xedes Mu\u00f1oz (UCN) y Gonzalo \u00c1lvarez (UCN)<br>Comit\u00e9 Tutorial: Cristian Araya (ULS), Patricio D\u00edaz<\/p>\n<\/div><\/div>\n\n\n\n<div class=\"wp-block-media-text alignwide is-stacked-on-mobile\" style=\"grid-template-columns:15% auto\"><figure class=\"wp-block-media-text__media\"><img loading=\"lazy\" decoding=\"async\" width=\"100\" height=\"110\" src=\"https:\/\/dr-bea.ceaza.cl\/wp-content\/uploads\/2025\/04\/v_pizarro.jpg\" alt=\"\" class=\"wp-image-136 size-full\"\/><\/figure><div class=\"wp-block-media-text__content\">\n<p><strong>Dr(c) V\u00edctor Pizarro Berrios<\/strong><\/p>\n\n\n\n<p class=\"has-small-font-size\">Profesora Gu\u00eda: Francisco A. Squeo (ULS) y Danny Carvajal (ULS)<br>Comit\u00e9 Tutorial: por definir<\/p>\n<\/div><\/div>\n\n\n\n<div class=\"wp-block-media-text alignwide is-stacked-on-mobile\" style=\"grid-template-columns:15% auto\"><figure class=\"wp-block-media-text__media\"><img loading=\"lazy\" decoding=\"async\" width=\"100\" height=\"110\" src=\"https:\/\/dr-bea.ceaza.cl\/wp-content\/uploads\/2025\/04\/j_tapia.jpg\" alt=\"\" class=\"wp-image-135 size-full\"\/><\/figure><div class=\"wp-block-media-text__content\">\n<p><strong>Dr(c) Jan M.F. Tapia Guerra<\/strong><\/p>\n\n\n\n<p class=\"has-small-font-size\">Profesores Gu\u00eda: Javier Sellanes L\u00f3pez (UCN) y Erin Easton (Univ. of Texas Rio Grande Valley, USA)<br>Comit\u00e9 Tutorial: Angeline Bertin (ULS), Carlos Gaymer (UCN)<br>Profesor Externo: Javier Reyes (U. Mayor)<\/p>\n<\/div><\/div>\n\n\n\n<p class=\"has-black-color has-tan-background-color has-text-color has-background has-link-color wp-elements-3003bb9b78f1e4a90f134f32c12b7057\"><strong>Ingreso a\u00f1o 2021<\/strong><\/p>\n\n\n\n<div class=\"wp-block-media-text alignwide is-stacked-on-mobile\" style=\"grid-template-columns:15% auto\"><figure class=\"wp-block-media-text__media\"><img loading=\"lazy\" decoding=\"async\" width=\"100\" height=\"110\" src=\"https:\/\/dr-bea.ceaza.cl\/wp-content\/uploads\/2025\/04\/v_plaza.jpg\" alt=\"\" class=\"wp-image-133 size-full\"\/><\/figure><div class=\"wp-block-media-text__content\">\n<p><strong>Dra(c) Ver\u00f3nica Plaza Santana<\/strong><\/p>\n\n\n\n<p class=\"has-small-font-size\">Profesor Gu\u00eda: Nicolas Gouin (ULS) y Luis Castillo&nbsp;(ULS)<br>Comit\u00e9 Tutorial: Lorgio Aguilera (ULS), Cristian Araya (ULS)<br>Profesor Externo: Evelyn Silva Moreno (U. Mayor)<\/p>\n<\/div><\/div>\n\n\n\n<div class=\"wp-block-media-text alignwide is-stacked-on-mobile\" style=\"grid-template-columns:15% auto\"><figure class=\"wp-block-media-text__media\"><img loading=\"lazy\" decoding=\"async\" width=\"100\" height=\"110\" src=\"https:\/\/dr-bea.ceaza.cl\/wp-content\/uploads\/2025\/04\/s_ramirez.jpg\" alt=\"\" class=\"wp-image-134 size-full\"\/><\/figure><div class=\"wp-block-media-text__content\">\n<p><strong>Dr(c) Sebasti\u00e1n Ram\u00edrez Rivera<\/strong><\/p>\n\n\n\n<p class=\"has-small-font-size\">Profesor Gu\u00eda: Giuliano Bernal (UCN)<br>Comit\u00e9 Tutorial: Claudio Coddou (UCN), Clauda Vilo (UCN)<br>Profesor Externo: Katherine Marcelain (U. de Chile), Marcelo Navarrete (UMag)<\/p>\n<\/div><\/div>\n\n\n\n<p class=\"has-black-color has-tan-background-color has-text-color has-background has-link-color wp-elements-edb9b8b0bdb40aa8d3acd4d6aee3c787\"><strong>Ingreso a\u00f1o 2020<\/strong><\/p>\n\n\n\n<div class=\"wp-block-media-text alignwide is-stacked-on-mobile\" style=\"grid-template-columns:15% auto\"><figure class=\"wp-block-media-text__media\"><img loading=\"lazy\" decoding=\"async\" width=\"100\" height=\"110\" src=\"https:\/\/dr-bea.ceaza.cl\/wp-content\/uploads\/2025\/04\/e_munoz.jpg\" alt=\"\" class=\"wp-image-129 size-full\"\/><\/figure><div class=\"wp-block-media-text__content\">\n<p><strong>Dr(c) Eduardo Andr\u00e9s Mu\u00f1oz Carvajal<\/strong><\/p>\n\n\n\n<p class=\"has-small-font-size\">Profesores Gu\u00eda: Alexandra Stoll (CEAZA-ULS) y M\u00e1ximo Gonz\u00e1lez (CEAZA-ULS)<br>Comit\u00e9 Tutorial: Enrique Ostria (CEAZA-ULS), Fadia Tala (UCN), Ronny Mart\u00ednez (ULS)<br>Profesores Externos: Ady Giordano (PUC) y Jos\u00e9 O\u2019Brien (PUC)<\/p>\n<\/div><\/div>\n\n\n\n<div class=\"wp-block-media-text alignwide is-stacked-on-mobile\" style=\"grid-template-columns:15% auto\"><figure class=\"wp-block-media-text__media\"><img loading=\"lazy\" decoding=\"async\" width=\"100\" height=\"110\" src=\"https:\/\/dr-bea.ceaza.cl\/wp-content\/uploads\/2025\/04\/s_rosales-.jpg\" alt=\"\" class=\"wp-image-130 size-full\"\/><\/figure><div class=\"wp-block-media-text__content\">\n<p><strong>Dr. Sergio Andr\u00e9s Rosales Gallardo<\/strong>  <strong>(Graduado noviembre 2025)<\/strong><\/p>\n\n\n\n<p class=\"has-small-font-size\">Profesores Gu\u00eda: Pr\u00e1xedes Mu\u00f1oz (UCN) y Ricardo Torres (Plymouth Marine Lab, UK)<br>Comit\u00e9 Tutorial: Gonzalo \u00c1lvarez (UCN), Carlos Gaymer (UCN)<br>Profesor Externo: Rub\u00e9n Escribano (U. de Concepci\u00f3n)<\/p>\n<\/div><\/div>\n\n\n\n<div class=\"wp-block-media-text alignwide is-stacked-on-mobile\" style=\"grid-template-columns:15% auto\"><figure class=\"wp-block-media-text__media\"><img loading=\"lazy\" decoding=\"async\" width=\"100\" height=\"110\" src=\"https:\/\/dr-bea.ceaza.cl\/wp-content\/uploads\/2025\/04\/b_wallberg1.jpg\" alt=\"\" class=\"wp-image-131 size-full\"\/><\/figure><div class=\"wp-block-media-text__content\">\n<p><strong>Dra. Britt Natalie Wallberg N\u00fa\u00f1ez<\/strong> <strong>(Graduada mayo 2025)<\/strong><\/p>\n\n\n\n<p class=\"has-small-font-size\">Profesora Gu\u00eda: Andrea Loayza (ULS)<br>Profesor patrocinante: Francisco A. Squeo (ULS)<br>Comit\u00e9 Tutorial: Rodrigo R\u00edos (ULS), Ang\u00e9line Bertin (ULS)<br>Profesor Externo: Pedro J. Rey-Zamora (U. de Ja\u00e9n, Espa\u00f1a)<\/p>\n<\/div><\/div>\n\n\n\n<p class=\"has-black-color has-tan-background-color has-text-color has-background has-link-color wp-elements-1d083eb7a0ec976ad5d758b16a9fc4dd\"><strong>Ingreso a\u00f1o 2019<\/strong><\/p>\n\n\n\n<div class=\"wp-block-media-text alignwide is-stacked-on-mobile\" style=\"grid-template-columns:15% auto\"><figure class=\"wp-block-media-text__media\"><img loading=\"lazy\" decoding=\"async\" width=\"100\" height=\"110\" src=\"https:\/\/dr-bea.ceaza.cl\/wp-content\/uploads\/2025\/04\/jp_araya.jpg\" alt=\"\" class=\"wp-image-127 size-full\"\/><\/figure><div class=\"wp-block-media-text__content\">\n<p><strong>Dr. Juan Pablo Andr\u00e9s Araya \u00c1ngel<\/strong>  <strong>(Graduado marzo 2026)<\/strong><\/p>\n\n\n\n<p class=\"has-small-font-size\">Profesora Gu\u00eda: Alexandra Stoll (CEAZA-ULS)<br>Comit\u00e9 Tutorial: Nicolas Gouin (ULS), M\u00e1ximo Gonz\u00e1lez (CEAZA)<br>Profesora Externa: Julieta Orlando (U. de Chile)<\/p>\n<\/div><\/div>\n\n\n\n<div class=\"wp-block-media-text alignwide is-stacked-on-mobile\" style=\"grid-template-columns:15% auto\"><figure class=\"wp-block-media-text__media\"><img loading=\"lazy\" decoding=\"async\" width=\"100\" height=\"110\" src=\"https:\/\/dr-bea.ceaza.cl\/wp-content\/uploads\/2025\/04\/am_notte.jpg\" alt=\"\" class=\"wp-image-124 size-full\"\/><\/figure><div class=\"wp-block-media-text__content\">\n<p><strong>Dra. Ana Mar\u00eda Notte Cerda<\/strong> <strong>(Graduada octubre 2025)<\/strong><\/p>\n\n\n\n<p class=\"has-small-font-size\">Profesor Gu\u00eda: Nicolas Gouin (ULS)<br>Comit\u00e9 Tutorial: Ang\u00e9line Bertin (ULS), Pilar Haye (UCN)<br>Profesor Externo: Daniel G\u00f3mez Uchida (U. de Concepci\u00f3n)<\/p>\n<\/div><\/div>\n\n\n\n<div class=\"wp-block-media-text alignwide is-stacked-on-mobile\" style=\"grid-template-columns:15% auto\"><figure class=\"wp-block-media-text__media\"><img loading=\"lazy\" decoding=\"async\" width=\"100\" height=\"110\" src=\"https:\/\/dr-bea.ceaza.cl\/wp-content\/uploads\/2025\/04\/cl_sal.jpg\" alt=\"\" class=\"wp-image-146 size-full\"\/><\/figure><div class=\"wp-block-media-text__content\">\n<p><strong>Dra. Carmen Liza Sal y Rosas<\/strong> <strong>(Graduada enero 2026)<\/strong><\/p>\n\n\n\n<p class=\"has-small-font-size\">Profesores Gu\u00eda: Pilar Haye (UCN) y Wolfgang Stotz (UCN)<br>Comit\u00e9 Tutorial: Federico Winkler (UCN), Julio V\u00e1squez (UCN)<br>Profesora Externa: Leyla C\u00e1rdenas (UACH)<\/p>\n<\/div><\/div>\n\n\n\n<div class=\"wp-block-media-text alignwide is-stacked-on-mobile\" style=\"grid-template-columns:15% auto\"><figure class=\"wp-block-media-text__media\"><img loading=\"lazy\" decoding=\"async\" width=\"100\" height=\"110\" src=\"https:\/\/dr-bea.ceaza.cl\/wp-content\/uploads\/2025\/04\/g_rossi1.jpg\" alt=\"\" class=\"wp-image-126 size-full\"\/><\/figure><div class=\"wp-block-media-text__content\">\n<p><strong>Dra(c) Gabriela Constanza Rossi Vargas<\/strong><\/p>\n\n\n\n<p class=\"has-small-font-size\">Profesores Gu\u00eda: Claudio Coddou (UCN) y Javier Bravo (PUCV)<br>Comit\u00e9 Tutorial: Erwin de la Fuente (UCN), Rodrigo Rojas (UCN)<br>Profesora Externa: Caroll Beltr\u00e1n (U. de Chile)<\/p>\n<\/div><\/div>\n\n\n\n<p><\/p>\n","protected":false},"excerpt":{"rendered":"<p>Ingreso a\u00f1o 2025 Fernando Gonz\u00e1lez Roca Profesor Gu\u00eda: \u00c1ngel P\u00e9rez Ruzafa (U. de Murcia, Espa\u00f1a)Comit\u00e9 Tutorial: Julio V\u00e1squez Castro (UCN), Jaime Aburto Frias (UCN)Profesor Externo: Stefan Gelcich (PUC) Barbara Cantarero Figueroa Profesor Gu\u00eda: Gonzalo \u00c1lvarez (UCN)Comit\u00e9 Tutorial: por definir Alejandro J. C\u00e1rdenas Pizarro Profesora Gu\u00eda: Ang\u00e9line Bertin (ULS)Comit\u00e9 Tutorial: por definir Yenny Nilo Bust\u00edos Profesor [&hellip;]<\/p>\n","protected":false},"author":1,"featured_media":0,"parent":0,"menu_order":0,"comment_status":"closed","ping_status":"closed","template":"","meta":{"footnotes":""},"class_list":["post-12","page","type-page","status-publish","hentry","post"],"_links":{"self":[{"href":"https:\/\/www.dr-bea.cl\/index.php\/wp-json\/wp\/v2\/pages\/12","targetHints":{"allow":["GET"]}}],"collection":[{"href":"https:\/\/www.dr-bea.cl\/index.php\/wp-json\/wp\/v2\/pages"}],"about":[{"href":"https:\/\/www.dr-bea.cl\/index.php\/wp-json\/wp\/v2\/types\/page"}],"author":[{"embeddable":true,"href":"https:\/\/www.dr-bea.cl\/index.php\/wp-json\/wp\/v2\/users\/1"}],"replies":[{"embeddable":true,"href":"https:\/\/www.dr-bea.cl\/index.php\/wp-json\/wp\/v2\/comments?post=12"}],"version-history":[{"count":47,"href":"https:\/\/www.dr-bea.cl\/index.php\/wp-json\/wp\/v2\/pages\/12\/revisions"}],"predecessor-version":[{"id":755,"href":"https:\/\/www.dr-bea.cl\/index.php\/wp-json\/wp\/v2\/pages\/12\/revisions\/755"}],"wp:attachment":[{"href":"https:\/\/www.dr-bea.cl\/index.php\/wp-json\/wp\/v2\/media?parent=12"}],"curies":[{"name":"wp","href":"https:\/\/api.w.org\/{rel}","templated":true}]}}