{"id":15,"date":"2025-04-17T18:53:40","date_gmt":"2025-04-17T21:53:40","guid":{"rendered":"https:\/\/dr-bea.ceaza.cl\/?page_id=15"},"modified":"2025-07-23T14:10:07","modified_gmt":"2025-07-23T17:10:07","slug":"cursos","status":"publish","type":"page","link":"https:\/\/www.dr-bea.cl\/index.php\/cursos\/","title":{"rendered":"CURSOS"},"content":{"rendered":"\n<p><strong>Cursos Obligatorios<\/strong><\/p>\n\n\n\n<ul class=\"wp-block-list\">\n<li>Ecolog\u00eda Aplicada<\/li>\n\n\n\n<li>Biolog\u00eda Aplicada<\/li>\n\n\n\n<li>Socioecolog\u00eda y Biolog\u00eda de la Conservaci\u00f3n<\/li>\n<\/ul>\n\n\n\n<hr class=\"wp-block-separator has-alpha-channel-opacity is-style-dots\"\/>\n\n\n\n<p><strong>Cursos Electivos<\/strong><\/p>\n\n\n\n<ul class=\"wp-block-list\">\n<li>Aplicaci\u00f3n de Productos Naturales en la Biomedicina<\/li>\n\n\n\n<li>Biogeograf\u00eda Marina Avanzada<\/li>\n\n\n\n<li>Biolog\u00eda Evolutiva<\/li>\n\n\n\n<li>Climatolog\u00eda Ecol\u00f3gica<\/li>\n\n\n\n<li>Dise\u00f1o Experimental y Bioestad\u00edstica<\/li>\n\n\n\n<li>Ecolog\u00eda de Comunidades<\/li>\n\n\n\n<li>Ecolog\u00eda de Poblaciones<\/li>\n\n\n\n<li>Ecolog\u00eda Evolutiva<\/li>\n\n\n\n<li>Ecolog\u00eda Funcional<\/li>\n\n\n\n<li>Ecolog\u00eda Qu\u00edmica<\/li>\n\n\n\n<li>Ecolog\u00eda Vegetal<\/li>\n\n\n\n<li>Gen\u00e9tica Poblacional y Conservaci\u00f3n<\/li>\n\n\n\n<li>Ingenier\u00eda Gen\u00e9tica<\/li>\n\n\n\n<li>Herramientas de Modelaci\u00f3n en Investigaci\u00f3n Aplicada<\/li>\n\n\n\n<li>Neurociencia Aplicada<\/li>\n\n\n\n<li>Macroecolog\u00eda y Conservaci\u00f3n<\/li>\n\n\n\n<li>Socioecolog\u00eda Ambiental<\/li>\n<\/ul>\n\n\n\n<div class=\"wp-block-group\"><div class=\"wp-block-group__inner-container is-layout-constrained wp-block-group-is-layout-constrained\">\n<hr class=\"wp-block-separator aligncenter has-alpha-channel-opacity is-style-dots\"\/>\n<\/div><\/div>\n\n\n\n<p><strong>Cursos Electivos T\u00e9cnicos y Seminarios<\/strong><\/p>\n\n\n\n<ul class=\"wp-block-list\">\n<li>Advanced Readings in Ecological Indicators for Conservation<\/li>\n\n\n\n<li>Advanced Readings in Conservation Biology<\/li>\n\n\n\n<li>Advanced Readings in Ecology<\/li>\n\n\n\n<li>Ciencia Ciudadana<\/li>\n\n\n\n<li>Experimentos en Ecolog\u00eda: dise\u00f1o e implementaci\u00f3n<\/li>\n\n\n\n<li>M\u00e9todos de Investigaci\u00f3n Social Cualitativa para la Gesti\u00f3n y Planificaci\u00f3n Ambiental<\/li>\n\n\n\n<li>Presentaci\u00f3n Manuscrito Cient\u00edfico<\/li>\n\n\n\n<li>Seminario BEA<\/li>\n\n\n\n<li>Sistema de Informaci\u00f3n Geogr\u00e1fica (SIG)<\/li>\n\n\n\n<li>Taller de Biolog\u00eda Computacional<\/li>\n\n\n\n<li>T\u00e9cnicas de Biolog\u00eda Celular y Molecular Avanzadas<\/li>\n<\/ul>\n\n\n\n<p><\/p>\n","protected":false},"excerpt":{"rendered":"<p>Cursos Obligatorios Cursos Electivos Cursos Electivos T\u00e9cnicos y Seminarios<\/p>\n","protected":false},"author":1,"featured_media":0,"parent":0,"menu_order":0,"comment_status":"closed","ping_status":"closed","template":"","meta":{"footnotes":""},"class_list":["post-15","page","type-page","status-publish","hentry","post"],"_links":{"self":[{"href":"https:\/\/www.dr-bea.cl\/index.php\/wp-json\/wp\/v2\/pages\/15","targetHints":{"allow":["GET"]}}],"collection":[{"href":"https:\/\/www.dr-bea.cl\/index.php\/wp-json\/wp\/v2\/pages"}],"about":[{"href":"https:\/\/www.dr-bea.cl\/index.php\/wp-json\/wp\/v2\/types\/page"}],"author":[{"embeddable":true,"href":"https:\/\/www.dr-bea.cl\/index.php\/wp-json\/wp\/v2\/users\/1"}],"replies":[{"embeddable":true,"href":"https:\/\/www.dr-bea.cl\/index.php\/wp-json\/wp\/v2\/comments?post=15"}],"version-history":[{"count":5,"href":"https:\/\/www.dr-bea.cl\/index.php\/wp-json\/wp\/v2\/pages\/15\/revisions"}],"predecessor-version":[{"id":661,"href":"https:\/\/www.dr-bea.cl\/index.php\/wp-json\/wp\/v2\/pages\/15\/revisions\/661"}],"wp:attachment":[{"href":"https:\/\/www.dr-bea.cl\/index.php\/wp-json\/wp\/v2\/media?parent=15"}],"curies":[{"name":"wp","href":"https:\/\/api.w.org\/{rel}","templated":true}]}}