{"id":16,"date":"2025-04-17T18:53:40","date_gmt":"2025-04-17T21:53:40","guid":{"rendered":"https:\/\/dr-bea.ceaza.cl\/?page_id=16"},"modified":"2025-04-23T01:07:34","modified_gmt":"2025-04-23T04:07:34","slug":"admision","status":"publish","type":"page","link":"https:\/\/www.dr-bea.cl\/index.php\/admision\/","title":{"rendered":"ADMISI\u00d3N"},"content":{"rendered":"\n<p>Requisitos de Admisi\u00f3n al Programa de Doctorado en Biolog\u00eda y Ecolog\u00eda Aplicada<\/p>\n\n\n\n<div class=\"wp-block-cover\" style=\"min-height:190px;aspect-ratio:unset;\"><img loading=\"lazy\" decoding=\"async\" width=\"1024\" height=\"256\" class=\"wp-block-cover__image-background wp-image-77 size-large\" alt=\"\" src=\"https:\/\/dr-bea.ceaza.cl\/wp-content\/uploads\/2025\/04\/a_002-1024x256.jpg\" data-object-fit=\"cover\" srcset=\"https:\/\/www.dr-bea.cl\/wp-content\/uploads\/2025\/04\/a_002-1024x256.jpg 1024w, https:\/\/www.dr-bea.cl\/wp-content\/uploads\/2025\/04\/a_002-300x75.jpg 300w, https:\/\/www.dr-bea.cl\/wp-content\/uploads\/2025\/04\/a_002-768x192.jpg 768w, https:\/\/www.dr-bea.cl\/wp-content\/uploads\/2025\/04\/a_002-1536x384.jpg 1536w, https:\/\/www.dr-bea.cl\/wp-content\/uploads\/2025\/04\/a_002.jpg 1600w\" sizes=\"auto, (max-width: 1024px) 100vw, 1024px\" \/><span aria-hidden=\"true\" class=\"wp-block-cover__background has-background-dim\" style=\"background-color:#2874a5\"><\/span><div class=\"wp-block-cover__inner-container is-layout-constrained wp-block-cover-is-layout-constrained\">\n<p class=\"has-text-align-center has-yellow-color has-text-color has-link-color has-large-font-size wp-elements-7a011925e76a664f204ac23a7a0091b8\">Cierre Postulaciones A\u00f1o Acad\u00e9mico 2026<\/p>\n\n\n\n<p class=\"has-text-align-center has-yellow-color has-text-color has-link-color has-large-font-size wp-elements-552dd420e8c24d5c1a0ac97032d72c8f\"><strong>7 de Noviembre 2025<\/strong><\/p>\n<\/div><\/div>\n\n\n\n<p>Dependiendo a la universidad a la que este asociado el potencial Director de Tesis:<\/p>\n\n\n\n<ul class=\"wp-block-list\">\n<li><a href=\"https:\/\/phoenix.cic.userena.cl\/modulos\/admin_y_matricula\/postulacion_postgrado\/fx_postulacion_postgrado_recepcionar.php\">&lt;&lt;Postulaciones en L\u00ednea a Universidad de La Serena&gt;&gt;<\/a><strong>&nbsp;<\/strong><\/li>\n\n\n\n<li><a href=\"http:\/\/online2.vranet.ucn.cl\/postgradoAdmision\/\">&lt;&lt;Postulaciones en L\u00ednea a Universidad Cat\u00f3lica del Norte&gt;&gt;<\/a><\/li>\n\n\n\n<li><a href=\"https:\/\/dr-bea.ceaza.cl\/wp-content\/uploads\/2025\/04\/LLAMADO-A-POSTULACION-DR-BEA-2026.pdf\" data-type=\"link\" data-id=\"https:\/\/dr-bea.ceaza.cl\/wp-content\/uploads\/2025\/04\/LLAMADO-A-POSTULACION-DR-BEA-2026.pdf\">&lt;&lt;Descargar archivo llamado a postulaci\u00f3n DR-BEA 2026>><\/a><\/li>\n<\/ul>\n\n\n\n<p class=\"has-regular-font-size\"><strong>1) El postulante deber\u00e1 poseer el Grado de Licenciado o T\u00edtulo Profesional equivalente.<\/strong><\/p>\n\n\n\n<p>Es requisito el haber aprobado una tesis de grado, en caso contrario, se sugerir\u00e1 el ingreso a un Programa de Mag\u00edster (ULS o UCN) y una vez cursadas las asignaturas obligatorias se evaluar\u00e1 su ingreso al Programa de Doctorado.<\/p>\n\n\n\n<p class=\"has-regular-font-size\"><strong>2) El postulante deber\u00e1<\/strong><\/p>\n\n\n\n<p>a) Solicitud de ingreso al programa (Carta de Intenci\u00f3n sobre planes para el futuro), b) Curriculum Vitae detallado, c) Fotocopia legalizada de t\u00edtulos y grados*, d) Fotocopia legalizada de las calificaciones, incluyendo informaci\u00f3n sobre el sistema de calificaci\u00f3n*, e) Dos cartas confidenciales (en sobre cerrado) de recomendaci\u00f3n de personas de reconocido prestigio acad\u00e9mico, f) Carta de aceptaci\u00f3n de un profesor del N\u00facleo Estable del Programa**<\/p>\n\n\n\n<p><strong>3) Adem\u00e1s deber\u00e1:<\/strong><\/p>\n\n\n\n<p>a) Rendir un examen de selecci\u00f3n, b) Asistir a una entrevista personal con el Comit\u00e9 Acad\u00e9mico del Programa, c) Demostrar un adecuado dominio del ingl\u00e9s a nivel de lectura y comprensi\u00f3n<\/p>\n\n\n\n<p><strong>*<\/strong> En el caso de postulantes extranjeros, los documentos pueden ser copias legalizadas en consulado chileno del pa\u00eds de origen.<\/p>\n\n\n\n<p>** Todos los postulantes, previo a enviar su postulaci\u00f3n, deben ponerse en contacto con alguno de los profesores del <a href=\"https:\/\/dr-bea.ceaza.cl\/index.php\/profesores\/\" data-type=\"page\" data-id=\"11\">N\u00facleo Estable del Programa<\/a>, quien deber\u00e1 manifestar por escrito su intenci\u00f3n de recibir al postulante en su laboratorio y actuar como Director de Tesis.<\/p>\n","protected":false},"excerpt":{"rendered":"<p>Requisitos de Admisi\u00f3n al Programa de Doctorado en Biolog\u00eda y Ecolog\u00eda Aplicada Dependiendo a la universidad a la que este asociado el potencial Director de Tesis: 1) El postulante deber\u00e1 poseer el Grado de Licenciado o T\u00edtulo Profesional equivalente. Es requisito el haber aprobado una tesis de grado, en caso contrario, se sugerir\u00e1 el ingreso [&hellip;]<\/p>\n","protected":false},"author":1,"featured_media":0,"parent":0,"menu_order":0,"comment_status":"closed","ping_status":"closed","template":"","meta":{"footnotes":""},"class_list":["post-16","page","type-page","status-publish","hentry","post"],"_links":{"self":[{"href":"https:\/\/www.dr-bea.cl\/index.php\/wp-json\/wp\/v2\/pages\/16","targetHints":{"allow":["GET"]}}],"collection":[{"href":"https:\/\/www.dr-bea.cl\/index.php\/wp-json\/wp\/v2\/pages"}],"about":[{"href":"https:\/\/www.dr-bea.cl\/index.php\/wp-json\/wp\/v2\/types\/page"}],"author":[{"embeddable":true,"href":"https:\/\/www.dr-bea.cl\/index.php\/wp-json\/wp\/v2\/users\/1"}],"replies":[{"embeddable":true,"href":"https:\/\/www.dr-bea.cl\/index.php\/wp-json\/wp\/v2\/comments?post=16"}],"version-history":[{"count":7,"href":"https:\/\/www.dr-bea.cl\/index.php\/wp-json\/wp\/v2\/pages\/16\/revisions"}],"predecessor-version":[{"id":322,"href":"https:\/\/www.dr-bea.cl\/index.php\/wp-json\/wp\/v2\/pages\/16\/revisions\/322"}],"wp:attachment":[{"href":"https:\/\/www.dr-bea.cl\/index.php\/wp-json\/wp\/v2\/media?parent=16"}],"curies":[{"name":"wp","href":"https:\/\/api.w.org\/{rel}","templated":true}]}}