{"id":17,"date":"2025-04-17T18:53:40","date_gmt":"2025-04-17T21:53:40","guid":{"rendered":"https:\/\/dr-bea.ceaza.cl\/?page_id=17"},"modified":"2025-10-03T13:55:07","modified_gmt":"2025-10-03T16:55:07","slug":"becas","status":"publish","type":"page","link":"https:\/\/www.dr-bea.cl\/index.php\/becas\/","title":{"rendered":"BECAS"},"content":{"rendered":"\n<p><strong>Oportunidades de Becas del Doctorado en Biolog\u00eda y Ecolog\u00eda Aplicada<\/strong><\/p>\n\n\n\n<p>El Doctorado en Biolog\u00eda y Ecolog\u00eda Aplicada dispone para sus alumnos de un programa de becas concursables que cubren el arancel de matricula y gastos de mantenci\u00f3n, proporcionadas por sus instituciones asociadas.<\/p>\n\n\n\n<p>La UCN dispone de becas que cubren el arancel de matricula y mantenimiento, incentivos econ\u00f3micos mediante proyectos de investigaci\u00f3n, publicaciones en revistas de corriente principal, ayudant\u00edas en docencia de pregrado y subsidios para la asistencia a congresos y pasant\u00edas de investigaci\u00f3n.<\/p>\n\n\n\n<p>La ULS dispone de becas que cubren el arancel de matricula y mantenimiento, incentivos econ\u00f3micos mediante proyectos de investigaci\u00f3n y subsidios para la asistencia a congresos y pasant\u00edas de investigaci\u00f3n. Adicionalmente, se tiene acceso a becas financiadas por el Instituto de Ecolog\u00eda y Biodiversidad (<a href=\"https:\/\/ieb-chile.cl\/\">www.ieb-chile.cl<\/a>).<\/p>\n\n\n\n<p>El CEAZA tiene becas de gastos de mantenci\u00f3n.<\/p>\n\n\n\n<p><strong>Otras Oportunidades de Becas<\/strong><\/p>\n\n\n\n<ul class=\"wp-block-list\">\n<li>Becas ANID para estudios de doctorado en Chile (<a href=\"https:\/\/anid.cl\/concursos\/\">ir a concurso a\u00f1o acad\u00e9mico 2025<\/a>)<\/li>\n\n\n\n<li>Becas para extranjeros en la Agencia de Cooperaci\u00f3n Internacional de Chile (AGCI)<\/li>\n\n\n\n<li>Programa de Becas de Cooperaci\u00f3n Horizontal \u2013 Reciprocidad Chile-M\u00e9xico<\/li>\n\n\n\n<li>Programa de Becas de Cooperaci\u00f3n Horizontal \u2013 Rep\u00fablica de Chile<\/li>\n\n\n\n<li>Programa de Becas de la Alianza del Pac\u00edfico<\/li>\n\n\n\n<li>Becas de la OEA para estudios acad\u00e9micos de postgrado<\/li>\n<\/ul>\n\n\n\n<p><strong>Aranceles<\/strong><\/p>\n\n\n\n<p>Equivalente a beca ANID (Valor Anual $4.053.848, en a\u00f1o 2025)<\/p>\n","protected":false},"excerpt":{"rendered":"<p>Oportunidades de Becas del Doctorado en Biolog\u00eda y Ecolog\u00eda Aplicada El Doctorado en Biolog\u00eda y Ecolog\u00eda Aplicada dispone para sus alumnos de un programa de becas concursables que cubren el arancel de matricula y gastos de mantenci\u00f3n, proporcionadas por sus instituciones asociadas. La UCN dispone de becas que cubren el arancel de matricula y mantenimiento, [&hellip;]<\/p>\n","protected":false},"author":1,"featured_media":0,"parent":0,"menu_order":0,"comment_status":"closed","ping_status":"closed","template":"","meta":{"footnotes":""},"class_list":["post-17","page","type-page","status-publish","hentry","post"],"_links":{"self":[{"href":"https:\/\/www.dr-bea.cl\/index.php\/wp-json\/wp\/v2\/pages\/17","targetHints":{"allow":["GET"]}}],"collection":[{"href":"https:\/\/www.dr-bea.cl\/index.php\/wp-json\/wp\/v2\/pages"}],"about":[{"href":"https:\/\/www.dr-bea.cl\/index.php\/wp-json\/wp\/v2\/types\/page"}],"author":[{"embeddable":true,"href":"https:\/\/www.dr-bea.cl\/index.php\/wp-json\/wp\/v2\/users\/1"}],"replies":[{"embeddable":true,"href":"https:\/\/www.dr-bea.cl\/index.php\/wp-json\/wp\/v2\/comments?post=17"}],"version-history":[{"count":3,"href":"https:\/\/www.dr-bea.cl\/index.php\/wp-json\/wp\/v2\/pages\/17\/revisions"}],"predecessor-version":[{"id":682,"href":"https:\/\/www.dr-bea.cl\/index.php\/wp-json\/wp\/v2\/pages\/17\/revisions\/682"}],"wp:attachment":[{"href":"https:\/\/www.dr-bea.cl\/index.php\/wp-json\/wp\/v2\/media?parent=17"}],"curies":[{"name":"wp","href":"https:\/\/api.w.org\/{rel}","templated":true}]}}