{"id":18,"date":"2025-04-17T18:53:40","date_gmt":"2025-04-17T21:53:40","guid":{"rendered":"https:\/\/dr-bea.ceaza.cl\/?page_id=18"},"modified":"2025-04-23T01:20:23","modified_gmt":"2025-04-23T04:20:23","slug":"contacto","status":"publish","type":"page","link":"https:\/\/www.dr-bea.cl\/index.php\/contacto\/","title":{"rendered":"CONTACTO"},"content":{"rendered":"\n<div class=\"wp-block-media-text is-stacked-on-mobile is-vertically-aligned-center\" style=\"grid-template-columns:15% auto\"><figure class=\"wp-block-media-text__media\"><img loading=\"lazy\" decoding=\"async\" width=\"100\" height=\"110\" src=\"https:\/\/dr-bea.ceaza.cl\/wp-content\/uploads\/2025\/04\/n_peralta.jpg\" alt=\"\" class=\"wp-image-327 size-full\"\/><\/figure><div class=\"wp-block-media-text__content\">\n<p><strong>Sra. Norma Peralta Aliaga<\/strong><br>Secretaria Programa de Doctorado en Biolog\u00eda y Ecolog\u00eda Aplicada<br>E-mail: <a href=\"mailto:dr-bea@ucn.cl\">dr-bea@ucn.cl<\/a><br>Tel\u00e9fono: +56 (51) 2 205963<br>Direcci\u00f3n: Larrondo 1281, Casilla 117, Coquimbo, Chile.<\/p>\n<\/div><\/div>\n\n\n\n<p><\/p>\n","protected":false},"excerpt":{"rendered":"<p>Sra. Norma Peralta AliagaSecretaria Programa de Doctorado en Biolog\u00eda y Ecolog\u00eda AplicadaE-mail: dr-bea@ucn.clTel\u00e9fono: +56 (51) 2 205963Direcci\u00f3n: Larrondo 1281, Casilla 117, Coquimbo, Chile.<\/p>\n","protected":false},"author":1,"featured_media":0,"parent":0,"menu_order":0,"comment_status":"closed","ping_status":"closed","template":"","meta":{"footnotes":""},"class_list":["post-18","page","type-page","status-publish","hentry","post"],"_links":{"self":[{"href":"https:\/\/www.dr-bea.cl\/index.php\/wp-json\/wp\/v2\/pages\/18","targetHints":{"allow":["GET"]}}],"collection":[{"href":"https:\/\/www.dr-bea.cl\/index.php\/wp-json\/wp\/v2\/pages"}],"about":[{"href":"https:\/\/www.dr-bea.cl\/index.php\/wp-json\/wp\/v2\/types\/page"}],"author":[{"embeddable":true,"href":"https:\/\/www.dr-bea.cl\/index.php\/wp-json\/wp\/v2\/users\/1"}],"replies":[{"embeddable":true,"href":"https:\/\/www.dr-bea.cl\/index.php\/wp-json\/wp\/v2\/comments?post=18"}],"version-history":[{"count":4,"href":"https:\/\/www.dr-bea.cl\/index.php\/wp-json\/wp\/v2\/pages\/18\/revisions"}],"predecessor-version":[{"id":329,"href":"https:\/\/www.dr-bea.cl\/index.php\/wp-json\/wp\/v2\/pages\/18\/revisions\/329"}],"wp:attachment":[{"href":"https:\/\/www.dr-bea.cl\/index.php\/wp-json\/wp\/v2\/media?parent=18"}],"curies":[{"name":"wp","href":"https:\/\/api.w.org\/{rel}","templated":true}]}}