{"id":2,"date":"2025-04-15T12:16:04","date_gmt":"2025-04-15T15:16:04","guid":{"rendered":"https:\/\/dr-bea.ceaza.cl\/?page_id=2"},"modified":"2025-07-21T17:44:44","modified_gmt":"2025-07-21T20:44:44","slug":"pagina-de-ejemplo","status":"publish","type":"page","link":"https:\/\/www.dr-bea.cl\/","title":{"rendered":"Doctorado en Biolog\u00eda y Ecolog\u00eda Aplicada"},"content":{"rendered":"\n<h2 class=\"wp-block-heading\"><strong>Misi\u00f3n<\/strong><\/h2>\n\n\n\n<p>El Programa busca la formaci\u00f3n de Doctores que sean l\u00edderes capaces de investigar, desarrollar y aplicar soluciones pr\u00e1cticas e innovadoras destinadas al uso sustentable de recursos renovables, y el fortalecimiento de la investigaci\u00f3n en las instituciones regionales.<\/p>\n\n\n\n<h2 class=\"wp-block-heading\"><strong>Visi\u00f3n<\/strong><\/h2>\n\n\n\n<p>Se pretende que los graduados de este Programa sean capaces de insertarse eficientemente en el sistema acad\u00e9mico nacional e internacional, y en organismos p\u00fablicos o privados vinculados a la administraci\u00f3n de recursos naturales, aportando concretamente a la creaci\u00f3n de nuevo conocimiento y a su aplicaci\u00f3n a la b\u00fasqueda de soluciones en el \u00e1mbito de su especialidad para apoyar el crecimiento regional y nacional.<\/p>\n\n\n\n<hr class=\"wp-block-separator aligncenter has-text-color has-cyan-bluish-gray-color has-alpha-channel-opacity has-cyan-bluish-gray-background-color has-background is-style-wide\"\/>\n\n\n\n<h2 class=\"wp-block-heading\"><strong>Cuerpo Acad\u00e9mico<\/strong><\/h2>\n\n\n\n<p>El n\u00facleo estable de profesores del programa est\u00e1 constituido por 28 acad\u00e9micos de la Universidad Cat\u00f3lica del Norte y de la Universidad de La Serena. &gt;&gt; <a href=\"https:\/\/dr-bea.ceaza.cl\/index.php\/profesores\/\">M\u00e1s informaci\u00f3n<\/a><\/p>\n\n\n\n<hr class=\"wp-block-separator has-text-color has-cyan-bluish-gray-color has-alpha-channel-opacity has-cyan-bluish-gray-background-color has-background\"\/>\n\n\n\n<h2 class=\"wp-block-heading\"><strong>\u00c1reas de Investigaci\u00f3n<\/strong><\/h2>\n\n\n\n<h3 class=\"wp-block-heading\"><strong>Biolog\u00eda Aplicada<\/strong><\/h3>\n\n\n\n<ul class=\"wp-block-list\">\n<li>Aplicaci\u00f3n de productos naturales<\/li>\n\n\n\n<li>Mejoramiento gen\u00e9tico<\/li>\n\n\n\n<li>Fisiolog\u00eda y biolog\u00eda molecular<\/li>\n\n\n\n<li>Manejo de recursos biol\u00f3gicos<\/li>\n<\/ul>\n\n\n\n<h3 class=\"wp-block-heading\"><strong>Ecolog\u00eda Aplicada<\/strong><\/h3>\n\n\n\n<ul class=\"wp-block-list\">\n<li>Estructura y din\u00e1mica de ecosistemas<\/li>\n\n\n\n<li>Ciclos biogeoqu\u00edmicos<\/li>\n\n\n\n<li>Biodiversidad<\/li>\n\n\n\n<li>Especies amenazadas<\/li>\n\n\n\n<li>Planificaci\u00f3n eco-regional<\/li>\n<\/ul>\n\n\n\n<hr class=\"wp-block-separator has-text-color has-cyan-bluish-gray-color has-alpha-channel-opacity has-cyan-bluish-gray-background-color has-background\"\/>\n\n\n\n<p><strong>Instituciones Acad\u00e9micas del Doctorado en Biolog\u00eda y Ecolog\u00eda Aplicada<\/strong><\/p>\n\n\n\n<div class=\"wp-block-media-text is-stacked-on-mobile is-vertically-aligned-center\" style=\"grid-template-columns:32% auto\"><figure class=\"wp-block-media-text__media\"><img loading=\"lazy\" decoding=\"async\" width=\"1024\" height=\"1024\" src=\"https:\/\/dr-bea.ceaza.cl\/wp-content\/uploads\/2025\/04\/logos_ucn_2024-web-1024x1024.png\" alt=\"\" class=\"wp-image-71 size-full\" srcset=\"https:\/\/www.dr-bea.cl\/wp-content\/uploads\/2025\/04\/logos_ucn_2024-web-1024x1024.png 1024w, https:\/\/www.dr-bea.cl\/wp-content\/uploads\/2025\/04\/logos_ucn_2024-web-300x300.png 300w, https:\/\/www.dr-bea.cl\/wp-content\/uploads\/2025\/04\/logos_ucn_2024-web-150x150.png 150w, https:\/\/www.dr-bea.cl\/wp-content\/uploads\/2025\/04\/logos_ucn_2024-web-768x768.png 768w, https:\/\/www.dr-bea.cl\/wp-content\/uploads\/2025\/04\/logos_ucn_2024-web-1536x1536.png 1536w, https:\/\/www.dr-bea.cl\/wp-content\/uploads\/2025\/04\/logos_ucn_2024-web.png 1875w\" sizes=\"auto, (max-width: 1024px) 100vw, 1024px\" \/><\/figure><div class=\"wp-block-media-text__content\">\n<p><strong>Universidad Cat\u00f3lica del Norte \u2013 Sede Coquimbo<br><\/strong>Larrondo 1281, Coquimbo, Chile<br>Tel\u00e9fono: +56 (51) 2 209891<\/p>\n<\/div><\/div>\n\n\n\n<div class=\"wp-block-media-text is-stacked-on-mobile is-vertically-aligned-center\" style=\"grid-template-columns:32% auto\"><figure class=\"wp-block-media-text__media\"><img loading=\"lazy\" decoding=\"async\" width=\"1024\" height=\"1024\" src=\"https:\/\/dr-bea.ceaza.cl\/wp-content\/uploads\/2025\/04\/logos_uls_2024-web-1024x1024.png\" alt=\"\" class=\"wp-image-70 size-full\" srcset=\"https:\/\/www.dr-bea.cl\/wp-content\/uploads\/2025\/04\/logos_uls_2024-web-1024x1024.png 1024w, https:\/\/www.dr-bea.cl\/wp-content\/uploads\/2025\/04\/logos_uls_2024-web-300x300.png 300w, https:\/\/www.dr-bea.cl\/wp-content\/uploads\/2025\/04\/logos_uls_2024-web-150x150.png 150w, https:\/\/www.dr-bea.cl\/wp-content\/uploads\/2025\/04\/logos_uls_2024-web-768x768.png 768w, https:\/\/www.dr-bea.cl\/wp-content\/uploads\/2025\/04\/logos_uls_2024-web-1536x1536.png 1536w, https:\/\/www.dr-bea.cl\/wp-content\/uploads\/2025\/04\/logos_uls_2024-web.png 1875w\" sizes=\"auto, (max-width: 1024px) 100vw, 1024px\" \/><\/figure><div class=\"wp-block-media-text__content\">\n<p><strong>Universidad de La Serena<br><\/strong>Av. Ra\u00fal Bitr\u00e1n 1305, La Serena, Chile<br>Tel\u00e9fono: +56 (51) 2 204587<\/p>\n<\/div><\/div>\n\n\n\n<hr class=\"wp-block-separator has-text-color has-cyan-bluish-gray-color has-alpha-channel-opacity has-cyan-bluish-gray-background-color has-background\"\/>\n\n\n\n<p>Instituciones de Investigaci\u00f3n Asociadas al Doctorado en Biolog\u00eda y Ecolog\u00eda Aplicada<\/p>\n\n\n\n<div class=\"wp-block-media-text is-stacked-on-mobile\" style=\"grid-template-columns:24% auto\"><figure class=\"wp-block-media-text__media\"><img loading=\"lazy\" decoding=\"async\" width=\"1024\" height=\"1024\" src=\"https:\/\/dr-bea.ceaza.cl\/wp-content\/uploads\/2025\/04\/logos_ceaza_2024-web-1024x1024.png\" alt=\"\" class=\"wp-image-533 size-full\" srcset=\"https:\/\/www.dr-bea.cl\/wp-content\/uploads\/2025\/04\/logos_ceaza_2024-web-1024x1024.png 1024w, https:\/\/www.dr-bea.cl\/wp-content\/uploads\/2025\/04\/logos_ceaza_2024-web-300x300.png 300w, https:\/\/www.dr-bea.cl\/wp-content\/uploads\/2025\/04\/logos_ceaza_2024-web-150x150.png 150w, https:\/\/www.dr-bea.cl\/wp-content\/uploads\/2025\/04\/logos_ceaza_2024-web-768x768.png 768w, https:\/\/www.dr-bea.cl\/wp-content\/uploads\/2025\/04\/logos_ceaza_2024-web-1536x1536.png 1536w, https:\/\/www.dr-bea.cl\/wp-content\/uploads\/2025\/04\/logos_ceaza_2024-web.png 1875w\" sizes=\"auto, (max-width: 1024px) 100vw, 1024px\" \/><\/figure><div class=\"wp-block-media-text__content\">\n<p><strong>Centro de Estudios Avanzados en Zonas \u00c1ridas (CEAZA)<\/strong><br>Av. Ra\u00fal Bitr\u00e1n 1305, La Serena, Chile<br>Tel\u00e9fono: +56 (51) 2 204378<\/p>\n<\/div><\/div>\n\n\n\n<div class=\"wp-block-media-text is-stacked-on-mobile\" style=\"grid-template-columns:23% auto\"><figure class=\"wp-block-media-text__media\"><img loading=\"lazy\" decoding=\"async\" width=\"1024\" height=\"1024\" src=\"https:\/\/dr-bea.ceaza.cl\/wp-content\/uploads\/2025\/04\/logos_inia_2024-web-1024x1024.png\" alt=\"\" class=\"wp-image-535 size-full\" srcset=\"https:\/\/www.dr-bea.cl\/wp-content\/uploads\/2025\/04\/logos_inia_2024-web-1024x1024.png 1024w, https:\/\/www.dr-bea.cl\/wp-content\/uploads\/2025\/04\/logos_inia_2024-web-300x300.png 300w, https:\/\/www.dr-bea.cl\/wp-content\/uploads\/2025\/04\/logos_inia_2024-web-150x150.png 150w, https:\/\/www.dr-bea.cl\/wp-content\/uploads\/2025\/04\/logos_inia_2024-web-768x768.png 768w, https:\/\/www.dr-bea.cl\/wp-content\/uploads\/2025\/04\/logos_inia_2024-web-1536x1536.png 1536w, https:\/\/www.dr-bea.cl\/wp-content\/uploads\/2025\/04\/logos_inia_2024-web.png 1875w\" sizes=\"auto, (max-width: 1024px) 100vw, 1024px\" \/><\/figure><div class=\"wp-block-media-text__content\">\n<p><strong>Instituto de Investigaciones Agropecuarias (INIA) \u2013 Sede Intihuasi<br><\/strong>Colina San Joaqu\u00edn s\/n, La Serena, Chile<br>Tel\u00e9fono: +56 (51) 2 223290<\/p>\n<\/div><\/div>\n\n\n\n<p><\/p>\n","protected":false},"excerpt":{"rendered":"<p>Misi\u00f3n El Programa busca la formaci\u00f3n de Doctores que sean l\u00edderes capaces de investigar, desarrollar y aplicar soluciones pr\u00e1cticas e innovadoras destinadas al uso sustentable de recursos renovables, y el fortalecimiento de la investigaci\u00f3n en las instituciones regionales. Visi\u00f3n Se pretende que los graduados de este Programa sean capaces de insertarse eficientemente en el sistema [&hellip;]<\/p>\n","protected":false},"author":1,"featured_media":39,"parent":0,"menu_order":0,"comment_status":"closed","ping_status":"open","template":"","meta":{"footnotes":""},"class_list":["post-2","page","type-page","status-publish","has-post-thumbnail","hentry","post","post-with-thumbnail","post-with-thumbnail-large"],"_links":{"self":[{"href":"https:\/\/www.dr-bea.cl\/index.php\/wp-json\/wp\/v2\/pages\/2","targetHints":{"allow":["GET"]}}],"collection":[{"href":"https:\/\/www.dr-bea.cl\/index.php\/wp-json\/wp\/v2\/pages"}],"about":[{"href":"https:\/\/www.dr-bea.cl\/index.php\/wp-json\/wp\/v2\/types\/page"}],"author":[{"embeddable":true,"href":"https:\/\/www.dr-bea.cl\/index.php\/wp-json\/wp\/v2\/users\/1"}],"replies":[{"embeddable":true,"href":"https:\/\/www.dr-bea.cl\/index.php\/wp-json\/wp\/v2\/comments?post=2"}],"version-history":[{"count":14,"href":"https:\/\/www.dr-bea.cl\/index.php\/wp-json\/wp\/v2\/pages\/2\/revisions"}],"predecessor-version":[{"id":631,"href":"https:\/\/www.dr-bea.cl\/index.php\/wp-json\/wp\/v2\/pages\/2\/revisions\/631"}],"wp:featuredmedia":[{"embeddable":true,"href":"https:\/\/www.dr-bea.cl\/index.php\/wp-json\/wp\/v2\/media\/39"}],"wp:attachment":[{"href":"https:\/\/www.dr-bea.cl\/index.php\/wp-json\/wp\/v2\/media?parent=2"}],"curies":[{"name":"wp","href":"https:\/\/api.w.org\/{rel}","templated":true}]}}